{"id":176,"date":"2020-02-15T12:06:29","date_gmt":"2020-02-15T10:06:29","guid":{"rendered":"https:\/\/maasulku.fi\/?page_id=176"},"modified":"2021-05-07T23:00:36","modified_gmt":"2021-05-07T20:00:36","slug":"etusivu","status":"publish","type":"page","link":"https:\/\/maasulku.fi\/","title":{"rendered":"ETUSIVU"},"content":{"rendered":"\t\t<div data-elementor-type=\"wp-page\" data-elementor-id=\"176\" class=\"elementor elementor-176\">\n\t\t\t\t\t\t<section class=\"elementor-section elementor-top-section elementor-element elementor-element-a34afbc elementor-section-boxed elementor-section-height-default elementor-section-height-default\" data-id=\"a34afbc\" data-element_type=\"section\" data-e-type=\"section\">\n\t\t\t\t\t\t<div class=\"elementor-container elementor-column-gap-default\">\n\t\t\t\t\t<div class=\"elementor-column elementor-col-100 elementor-top-column elementor-element elementor-element-144c8e6\" data-id=\"144c8e6\" data-element_type=\"column\" data-e-type=\"column\">\n\t\t\t<div class=\"elementor-widget-wrap elementor-element-populated\">\n\t\t\t\t\t\t<div class=\"elementor-element elementor-element-d2d38cc elementor-widget elementor-widget-heading\" data-id=\"d2d38cc\" data-element_type=\"widget\" data-e-type=\"widget\" data-widget_type=\"heading.default\">\n\t\t\t\t<div class=\"elementor-widget-container\">\n\t\t\t\t\t<h2 class=\"elementor-heading-title elementor-size-large\">S\u00c4HK\u00d6ALAN\nTY\u00d6T ja KOULUTUKSET<\/h2>\t\t\t\t<\/div>\n\t\t\t\t<\/div>\n\t\t\t\t\t<\/div>\n\t\t<\/div>\n\t\t\t\t\t<\/div>\n\t\t<\/section>\n\t\t\t\t<section class=\"elementor-section elementor-top-section elementor-element elementor-element-2e4226a elementor-section-boxed elementor-section-height-default elementor-section-height-default\" data-id=\"2e4226a\" data-element_type=\"section\" data-e-type=\"section\">\n\t\t\t\t\t\t<div class=\"elementor-container elementor-column-gap-default\">\n\t\t\t\t\t<div class=\"elementor-column elementor-col-100 elementor-top-column elementor-element elementor-element-c6c25ec\" data-id=\"c6c25ec\" data-element_type=\"column\" data-e-type=\"column\">\n\t\t\t<div class=\"elementor-widget-wrap elementor-element-populated\">\n\t\t\t\t\t\t<div class=\"elementor-element elementor-element-c748e12 elementor-widget elementor-widget-text-editor\" data-id=\"c748e12\" data-element_type=\"widget\" data-e-type=\"widget\" data-widget_type=\"text-editor.default\">\n\t\t\t\t<div class=\"elementor-widget-container\">\n\t\t\t\t\t\t\t\t\t<p>Kauttamme saatte kaiken tarvitsemanne ja haluamanne palvelun, niin pieniin, kuin suuriinkin projekteihin. Toimimme p\u00e4\u00e4osin Pirkanmaan ja Satakunnan alueella.<\/p><p>Toimintamme pohjautuu asiakasl\u00e4ht\u00f6isyyteen ja teemme ty\u00f6t yksitt\u00e4isest\u00e4 valaisin asennuksesta kokonaisurakkaan sis\u00e4lt\u00e4en suunnittelun.<\/p><p>On kyseess\u00e4 sitten uudis- tai saneerauskohde, teollisuus-, tai kiinteist\u00f6kohde olemme tarpeisiinne sopiva kumppani.<\/p><p>Ilmanvaihtoasioissa toimimme <a href=\"http:\/\/www.finluft.fi\" target=\"_blank\" rel=\"noopener\">Finluftin tuotteiden j\u00e4lleenmyyj\u00e4n\u00e4 ja asentajana<\/a><\/p>\t\t\t\t\t\t\t\t<\/div>\n\t\t\t\t<\/div>\n\t\t\t\t\t<\/div>\n\t\t<\/div>\n\t\t\t\t\t<\/div>\n\t\t<\/section>\n\t\t\t\t<section class=\"elementor-section elementor-top-section elementor-element elementor-element-ded4bd1 elementor-section-boxed elementor-section-height-default elementor-section-height-default\" data-id=\"ded4bd1\" data-element_type=\"section\" data-e-type=\"section\">\n\t\t\t\t\t\t<div class=\"elementor-container elementor-column-gap-default\">\n\t\t\t\t\t<div class=\"elementor-column elementor-col-100 elementor-top-column elementor-element elementor-element-c228a55\" data-id=\"c228a55\" data-element_type=\"column\" data-e-type=\"column\">\n\t\t\t<div class=\"elementor-widget-wrap elementor-element-populated\">\n\t\t\t\t\t\t<div class=\"elementor-element elementor-element-4af359e elementor-widget elementor-widget-image\" data-id=\"4af359e\" data-element_type=\"widget\" data-e-type=\"widget\" data-widget_type=\"image.default\">\n\t\t\t\t<div class=\"elementor-widget-container\">\n\t\t\t\t\t\t\t\t\t\t\t\t\t\t\t<img fetchpriority=\"high\" decoding=\"async\" width=\"554\" height=\"449\" src=\"https:\/\/maasulku.fi\/wp-content\/uploads\/2020\/06\/cropped-LOGO100rajattuOY.png\" class=\"attachment-large size-large wp-image-325\" alt=\"\" srcset=\"https:\/\/maasulku.fi\/wp-content\/uploads\/2020\/06\/cropped-LOGO100rajattuOY.png 554w, https:\/\/maasulku.fi\/wp-content\/uploads\/2020\/06\/cropped-LOGO100rajattuOY-300x243.png 300w\" sizes=\"(max-width: 554px) 100vw, 554px\" \/>\t\t\t\t\t\t\t\t\t\t\t\t\t\t\t<\/div>\n\t\t\t\t<\/div>\n\t\t\t\t\t<\/div>\n\t\t<\/div>\n\t\t\t\t\t<\/div>\n\t\t<\/section>\n\t\t\t\t<section class=\"elementor-section elementor-top-section elementor-element elementor-element-18324ef elementor-section-boxed elementor-section-height-default elementor-section-height-default\" data-id=\"18324ef\" data-element_type=\"section\" data-e-type=\"section\">\n\t\t\t\t\t\t<div class=\"elementor-container elementor-column-gap-default\">\n\t\t\t\t\t<div class=\"elementor-column elementor-col-100 elementor-top-column elementor-element elementor-element-13ea43a\" data-id=\"13ea43a\" data-element_type=\"column\" data-e-type=\"column\">\n\t\t\t<div class=\"elementor-widget-wrap elementor-element-populated\">\n\t\t\t\t\t\t<div class=\"elementor-element elementor-element-7b0c6ba elementor-widget elementor-widget-image\" data-id=\"7b0c6ba\" data-element_type=\"widget\" data-e-type=\"widget\" data-widget_type=\"image.default\">\n\t\t\t\t<div class=\"elementor-widget-container\">\n\t\t\t\t\t\t\t\t\t\t\t\t\t\t\t<img decoding=\"async\" src=\"https:\/\/maasulku.fi\/wp-content\/uploads\/elementor\/thumbs\/96101540_2666663640110614_4772073055176359936_n-oqv2elzk7dsc9vehj2t7cd1nexr3e0vlq3qal5lz00.jpg\" title=\"96101540_2666663640110614_4772073055176359936_n\" alt=\"96101540_2666663640110614_4772073055176359936_n\" loading=\"lazy\" \/>\t\t\t\t\t\t\t\t\t\t\t\t\t\t\t<\/div>\n\t\t\t\t<\/div>\n\t\t\t\t\t<\/div>\n\t\t<\/div>\n\t\t\t\t\t<\/div>\n\t\t<\/section>\n\t\t\t\t<section class=\"elementor-section elementor-top-section elementor-element elementor-element-031856f elementor-section-height-min-height elementor-section-boxed elementor-section-height-default elementor-section-items-middle\" data-id=\"031856f\" data-element_type=\"section\" data-e-type=\"section\">\n\t\t\t\t\t\t<div class=\"elementor-container elementor-column-gap-default\">\n\t\t\t\t\t<div class=\"elementor-column elementor-col-100 elementor-top-column elementor-element elementor-element-deb06af\" data-id=\"deb06af\" data-element_type=\"column\" data-e-type=\"column\">\n\t\t\t<div class=\"elementor-widget-wrap elementor-element-populated\">\n\t\t\t\t\t\t<div class=\"elementor-element elementor-element-5adfd02 elementor-widget elementor-widget-image\" data-id=\"5adfd02\" data-element_type=\"widget\" data-e-type=\"widget\" data-widget_type=\"image.default\">\n\t\t\t\t<div class=\"elementor-widget-container\">\n\t\t\t\t\t\t\t\t\t\t\t\t\t\t\t\t<a href=\"http:\/\/www.finluft.fi\" target=\"_blank\">\n\t\t\t\t\t\t\t<img decoding=\"async\" width=\"150\" height=\"150\" src=\"https:\/\/maasulku.fi\/wp-content\/uploads\/2021\/05\/jalleenmyyja_leima-150x150.png\" class=\"attachment-thumbnail size-thumbnail wp-image-437\" alt=\"\" srcset=\"https:\/\/maasulku.fi\/wp-content\/uploads\/2021\/05\/jalleenmyyja_leima-150x150.png 150w, https:\/\/maasulku.fi\/wp-content\/uploads\/2021\/05\/jalleenmyyja_leima-300x300.png 300w, https:\/\/maasulku.fi\/wp-content\/uploads\/2021\/05\/jalleenmyyja_leima-100x100.png 100w, https:\/\/maasulku.fi\/wp-content\/uploads\/2021\/05\/jalleenmyyja_leima.png 373w\" sizes=\"(max-width: 150px) 100vw, 150px\" \/>\t\t\t\t\t\t\t\t<\/a>\n\t\t\t\t\t\t\t\t\t\t\t\t\t\t\t<\/div>\n\t\t\t\t<\/div>\n\t\t\t\t\t<\/div>\n\t\t<\/div>\n\t\t\t\t\t<\/div>\n\t\t<\/section>\n\t\t\t\t<\/div>\n\t\t","protected":false},"excerpt":{"rendered":"<p>S\u00c4HK\u00d6ALAN TY\u00d6T ja KOULUTUKSET Kauttamme saatte kaiken tarvitsemanne ja haluamanne palvelun, niin pieniin, kuin suuriinkin projekteihin. Toimimme p\u00e4\u00e4osin Pirkanmaan ja Satakunnan alueella. Toimintamme pohjautuu asiakasl\u00e4ht\u00f6isyyteen ja teemme ty\u00f6t yksitt\u00e4isest\u00e4 valaisin asennuksesta kokonaisurakkaan sis\u00e4lt\u00e4en suunnittelun. On kyseess\u00e4 sitten uudis- tai saneerauskohde, teollisuus-, tai kiinteist\u00f6kohde olemme tarpeisiinne sopiva kumppani. Ilmanvaihtoasioissa toimimme Finluftin tuotteiden j\u00e4lleenmyyj\u00e4n\u00e4 ja asentajana<\/p>\n","protected":false},"author":1,"featured_media":0,"parent":0,"menu_order":0,"comment_status":"closed","ping_status":"closed","template":"","meta":{"_monsterinsights_skip_tracking":false,"_monsterinsights_sitenote_active":false,"_monsterinsights_sitenote_note":"","_monsterinsights_sitenote_category":0,"footnotes":""},"class_list":["post-176","page","type-page","status-publish"],"jetpack_sharing_enabled":true,"_links":{"self":[{"href":"https:\/\/maasulku.fi\/index.php?rest_route=\/wp\/v2\/pages\/176","targetHints":{"allow":["GET"]}}],"collection":[{"href":"https:\/\/maasulku.fi\/index.php?rest_route=\/wp\/v2\/pages"}],"about":[{"href":"https:\/\/maasulku.fi\/index.php?rest_route=\/wp\/v2\/types\/page"}],"author":[{"embeddable":true,"href":"https:\/\/maasulku.fi\/index.php?rest_route=\/wp\/v2\/users\/1"}],"replies":[{"embeddable":true,"href":"https:\/\/maasulku.fi\/index.php?rest_route=%2Fwp%2Fv2%2Fcomments&post=176"}],"version-history":[{"count":20,"href":"https:\/\/maasulku.fi\/index.php?rest_route=\/wp\/v2\/pages\/176\/revisions"}],"predecessor-version":[{"id":487,"href":"https:\/\/maasulku.fi\/index.php?rest_route=\/wp\/v2\/pages\/176\/revisions\/487"}],"wp:attachment":[{"href":"https:\/\/maasulku.fi\/index.php?rest_route=%2Fwp%2Fv2%2Fmedia&parent=176"}],"curies":[{"name":"wp","href":"https:\/\/api.w.org\/{rel}","templated":true}]}}