{"id":263,"date":"2020-02-23T16:08:57","date_gmt":"2020-02-23T14:08:57","guid":{"rendered":"https:\/\/maasulku.fi\/?page_id=263"},"modified":"2020-02-23T16:43:16","modified_gmt":"2020-02-23T14:43:16","slug":"koulutus","status":"publish","type":"page","link":"https:\/\/maasulku.fi\/?page_id=263","title":{"rendered":"KOULUTUS"},"content":{"rendered":"\t\t<div data-elementor-type=\"wp-page\" data-elementor-id=\"263\" class=\"elementor elementor-263\">\n\t\t\t\t\t\t<section class=\"elementor-section elementor-top-section elementor-element elementor-element-ee1e4cf elementor-section-height-min-height elementor-section-boxed elementor-section-height-default elementor-section-items-middle elementor-invisible\" data-id=\"ee1e4cf\" data-element_type=\"section\" data-e-type=\"section\" data-settings=\"{&quot;background_background&quot;:&quot;classic&quot;,&quot;animation&quot;:&quot;zoomIn&quot;}\">\n\t\t\t\t\t\t<div class=\"elementor-container elementor-column-gap-default\">\n\t\t\t\t\t<div class=\"elementor-column elementor-col-100 elementor-top-column elementor-element elementor-element-b1a1a83\" data-id=\"b1a1a83\" data-element_type=\"column\" data-e-type=\"column\">\n\t\t\t<div class=\"elementor-widget-wrap elementor-element-populated\">\n\t\t\t\t\t\t<div class=\"elementor-element elementor-element-4d442ca elementor-widget elementor-widget-image\" data-id=\"4d442ca\" data-element_type=\"widget\" data-e-type=\"widget\" data-widget_type=\"image.default\">\n\t\t\t\t<div class=\"elementor-widget-container\">\n\t\t\t\t\t\t\t\t\t\t\t\t<figure class=\"wp-caption\">\n\t\t\t\t\t\t\t\t\t\t\t<a href=\"https:\/\/setipro.seti.fi\/Yrityskortti?yid=56633&#038;paluu=865975d8-0bc7-4198-bcfa-1c07d98a49ab\" target=\"_blank\">\n\t\t\t\t\t\t\t<img fetchpriority=\"high\" decoding=\"async\" width=\"300\" height=\"190\" src=\"https:\/\/maasulku.fi\/wp-content\/uploads\/2020\/02\/Picture1-300x190-1.png\" class=\"attachment-large size-large wp-image-266\" alt=\"\" \/>\t\t\t\t\t\t\t\t<\/a>\n\t\t\t\t\t\t\t\t\t\t\t<figcaption class=\"widget-image-caption wp-caption-text\">SETI OY:N Auktorisoima s\u00e4hk\u00f6ty\u00f6turvallisuuskouluttja<\/figcaption>\n\t\t\t\t\t\t\t\t\t\t<\/figure>\n\t\t\t\t\t\t\t\t\t<\/div>\n\t\t\t\t<\/div>\n\t\t\t\t\t<\/div>\n\t\t<\/div>\n\t\t\t\t\t<\/div>\n\t\t<\/section>\n\t\t\t\t<section class=\"elementor-section elementor-top-section elementor-element elementor-element-8e9e230 elementor-section-boxed elementor-section-height-default elementor-section-height-default\" data-id=\"8e9e230\" data-element_type=\"section\" data-e-type=\"section\">\n\t\t\t\t\t\t<div class=\"elementor-container elementor-column-gap-default\">\n\t\t\t\t\t<div class=\"elementor-column elementor-col-100 elementor-top-column elementor-element elementor-element-66dca14\" data-id=\"66dca14\" data-element_type=\"column\" data-e-type=\"column\" data-settings=\"{&quot;background_background&quot;:&quot;classic&quot;}\">\n\t\t\t<div class=\"elementor-widget-wrap elementor-element-populated\">\n\t\t\t\t\t<div class=\"elementor-background-overlay\"><\/div>\n\t\t\t\t\t\t<div class=\"elementor-element elementor-element-549ee4d elementor-widget elementor-widget-text-editor\" data-id=\"549ee4d\" data-element_type=\"widget\" data-e-type=\"widget\" data-widget_type=\"text-editor.default\">\n\t\t\t\t<div class=\"elementor-widget-container\">\n\t\t\t\t\t\t\t\t\t<h1 style=\"text-align: center;\"><span style=\"text-decoration: underline;\"><strong>S\u00c4HK\u00d6TY\u00d6<\/strong><\/span><\/h1><h1 style=\"text-align: center;\"><span style=\"text-decoration: underline;\"><strong>TURVALLISUUS<\/strong><\/span><\/h1><h1 style=\"text-align: center;\"><span style=\"text-decoration: underline;\"><strong> KOULUTUS<\/strong><\/span><\/h1><h1 style=\"text-align: center;\"><span style=\"text-decoration: underline;\"><strong>(SFS6002)<\/strong><\/span><\/h1><p>\u00a0<\/p><p>\u00a0<\/p><h2 style=\"text-align: center;\"><strong>S\u00e4hk\u00f6ty\u00f6turvallisuus koulutus on annettava kaikille s\u00e4hk\u00f6alan t\u00f6it\u00e4 tekeville henkil\u00f6ille, my\u00f6s ty\u00f6njohto-, k\u00e4ytt\u00f6- ja asiantuntijateht\u00e4viss\u00e4 toimiville. Sen uusimisv\u00e4li on enint\u00e4\u00e4n viisi vuotta.<\/strong><\/h2><p style=\"text-align: center;\">Suomessa kuolee vuosittain s\u00e4hk\u00f6tapaturmissa keskim\u00e4\u00e4rin kolme henkil\u00f6\u00e4. Lievempi\u00e4 s\u00e4hk\u00f6tapaturmia tilastoidaan vuosittain noin 200, todelisuudessa m\u00e4\u00e4r\u00e4 on monta kertaa suurempi.<\/p><h3 style=\"text-align: center;\"><strong>Kouluttajillamme on pitk\u00e4 kokemus s\u00e4hk\u00f6alan t\u00f6ist\u00e4 ja kokemus karttuu edelleen, n\u00e4in koulutuksemme on sis\u00e4ll\u00f6lt\u00e4\u00e4n k\u00e4yt\u00e4nn\u00f6n l\u00e4heinen ja rento, vaikka standardia l\u00e4pi k\u00e4yd\u00e4\u00e4nkin.<\/strong><\/h3><p style=\"text-align: center;\"><strong>T\u00e4ll\u00e4 hetkell\u00e4 pid\u00e4mme koulutuksia yrityskohtaisesti, joko asiakkaan tiloissa, meid\u00e4n j\u00e4rjest\u00e4miss\u00e4mme tiloissa, tai avoimina kursseina <\/strong><a href=\"https:\/\/www.innen.fi\/koulutukset\/sahkoturvallisuuskortti-sfs-6002\" target=\"_blank\" rel=\"noopener\"><strong>INNEN OY:LL\u00c4<\/strong> <\/a><\/p>\t\t\t\t\t\t\t\t<\/div>\n\t\t\t\t<\/div>\n\t\t\t\t\t<\/div>\n\t\t<\/div>\n\t\t\t\t\t<\/div>\n\t\t<\/section>\n\t\t\t\t<section class=\"elementor-section elementor-top-section elementor-element elementor-element-f0f2845 elementor-section-boxed elementor-section-height-default elementor-section-height-default\" data-id=\"f0f2845\" data-element_type=\"section\" data-e-type=\"section\">\n\t\t\t\t\t\t<div class=\"elementor-container elementor-column-gap-default\">\n\t\t\t\t\t<div class=\"elementor-column elementor-col-100 elementor-top-column elementor-element elementor-element-319ea85\" data-id=\"319ea85\" data-element_type=\"column\" data-e-type=\"column\" data-settings=\"{&quot;background_background&quot;:&quot;classic&quot;}\">\n\t\t\t<div class=\"elementor-widget-wrap elementor-element-populated\">\n\t\t\t\t\t\t<div class=\"elementor-element elementor-element-76a7f6e elementor-widget elementor-widget-slides\" data-id=\"76a7f6e\" data-element_type=\"widget\" data-e-type=\"widget\" data-widget_type=\"slides.default\">\n\t\t\t\t<div class=\"elementor-widget-container\">\n\t\t\t\t\t \t\t\t\t<\/div>\n\t\t\t\t<\/div>\n\t\t\t\t\t<\/div>\n\t\t<\/div>\n\t\t\t\t\t<\/div>\n\t\t<\/section>\n\t\t\t\t<section class=\"elementor-section elementor-top-section elementor-element elementor-element-503e4af elementor-section-boxed elementor-section-height-default elementor-section-height-default\" data-id=\"503e4af\" data-element_type=\"section\" data-e-type=\"section\">\n\t\t\t\t\t\t<div class=\"elementor-container elementor-column-gap-default\">\n\t\t\t\t\t<div class=\"elementor-column elementor-col-100 elementor-top-column elementor-element elementor-element-91eb0f3\" data-id=\"91eb0f3\" data-element_type=\"column\" data-e-type=\"column\" data-settings=\"{&quot;background_background&quot;:&quot;classic&quot;}\">\n\t\t\t<div class=\"elementor-widget-wrap elementor-element-populated\">\n\t\t\t\t\t\t<div class=\"elementor-element elementor-element-1c8111a elementor-widget elementor-widget-text-editor\" data-id=\"1c8111a\" data-element_type=\"widget\" data-e-type=\"widget\" data-widget_type=\"text-editor.default\">\n\t\t\t\t<div class=\"elementor-widget-container\">\n\t\t\t\t\t\t\t\t\t<p>Kauttamme on mahdollista suorittaa kortin uusiminen kertauskoulutuksena, jonka kesto on vain nelj\u00e4 tuntia, perinteisen kahdeksan tunnin sijaan.<\/p><p>Yrityskohtaisen kurssin etuja yleiseen koulutukseen n\u00e4hden:<\/p><ul><li><h5>Koulutukseen saadaan juuri teid\u00e4n yrityksenne tiloihin sis\u00e4ltyvi\u00e4 riskitekij\u00f6it\u00e4 (tulemme mielell\u00e4mme k\u00e4ym\u00e4\u00e4n tutustumassa ennen koulutusta)<\/h5><\/li><li><h5>Koulutus saadaan kohdennettua teid\u00e4n yrityskulttuuriinne sopivaksi<\/h5><\/li><li><h5>Keskustelu on avoimempaa tutussa porukassa<\/h5><\/li><li><h5>Havaittuihin puutteisiin voidaan yhdess\u00e4 pohtia parannuksia<\/h5><\/li><li>Nelj\u00e4n tunnin koulutus ei vie henkil\u00f6st\u00f6lt\u00e4 koko arvokasta ty\u00f6p\u00e4iv\u00e4\u00e4, tai se on mahdollista yhdist\u00e4\u00e4 esim. tyky-p\u00e4iv\u00e4\u00e4n, tai muihin henkil\u00f6st\u00f6koulutuksiin<\/li><\/ul><p style=\"text-align: center;\"><a href=\"https:\/\/maasulku.fi\/?page_id=160\" target=\"_blank\" rel=\"noopener\">Varaa oma koulutuksesi<\/a><\/p><p>\u00a0<\/p>\t\t\t\t\t\t\t\t<\/div>\n\t\t\t\t<\/div>\n\t\t\t\t\t<\/div>\n\t\t<\/div>\n\t\t\t\t\t<\/div>\n\t\t<\/section>\n\t\t\t\t<\/div>\n\t\t","protected":false},"excerpt":{"rendered":"<p>SETI OY:N Auktorisoima s\u00e4hk\u00f6ty\u00f6turvallisuuskouluttja S\u00c4HK\u00d6TY\u00d6 TURVALLISUUS KOULUTUS (SFS6002) S\u00e4hk\u00f6ty\u00f6turvallisuus koulutus on annettava kaikille s\u00e4hk\u00f6alan t\u00f6it\u00e4 tekeville henkil\u00f6ille, my\u00f6s ty\u00f6njohto-, k\u00e4ytt\u00f6- ja asiantuntijateht\u00e4viss\u00e4 toimiville. Sen uusimisv\u00e4li on enint\u00e4\u00e4n viisi vuotta. Suomessa kuolee vuosittain s\u00e4hk\u00f6tapaturmissa keskim\u00e4\u00e4rin kolme henkil\u00f6\u00e4. Lievempi\u00e4 s\u00e4hk\u00f6tapaturmia tilastoidaan vuosittain noin 200, todelisuudessa m\u00e4\u00e4r\u00e4 on monta kertaa suurempi. Kouluttajillamme on pitk\u00e4 kokemus s\u00e4hk\u00f6alan t\u00f6ist\u00e4 ja &#8230; <a title=\"KOULUTUS\" class=\"read-more\" href=\"https:\/\/maasulku.fi\/?page_id=263\" aria-label=\"Lue lis\u00e4\u00e4 aiheesta KOULUTUS\">Lue lis\u00e4\u00e4<\/a><\/p>\n","protected":false},"author":1,"featured_media":0,"parent":0,"menu_order":0,"comment_status":"closed","ping_status":"closed","template":"","meta":{"_monsterinsights_skip_tracking":false,"_monsterinsights_sitenote_active":false,"_monsterinsights_sitenote_note":"","_monsterinsights_sitenote_category":0,"footnotes":""},"class_list":["post-263","page","type-page","status-publish"],"jetpack_sharing_enabled":true,"_links":{"self":[{"href":"https:\/\/maasulku.fi\/index.php?rest_route=\/wp\/v2\/pages\/263","targetHints":{"allow":["GET"]}}],"collection":[{"href":"https:\/\/maasulku.fi\/index.php?rest_route=\/wp\/v2\/pages"}],"about":[{"href":"https:\/\/maasulku.fi\/index.php?rest_route=\/wp\/v2\/types\/page"}],"author":[{"embeddable":true,"href":"https:\/\/maasulku.fi\/index.php?rest_route=\/wp\/v2\/users\/1"}],"replies":[{"embeddable":true,"href":"https:\/\/maasulku.fi\/index.php?rest_route=%2Fwp%2Fv2%2Fcomments&post=263"}],"version-history":[{"count":13,"href":"https:\/\/maasulku.fi\/index.php?rest_route=\/wp\/v2\/pages\/263\/revisions"}],"predecessor-version":[{"id":312,"href":"https:\/\/maasulku.fi\/index.php?rest_route=\/wp\/v2\/pages\/263\/revisions\/312"}],"wp:attachment":[{"href":"https:\/\/maasulku.fi\/index.php?rest_route=%2Fwp%2Fv2%2Fmedia&parent=263"}],"curies":[{"name":"wp","href":"https:\/\/api.w.org\/{rel}","templated":true}]}}